{"id":5144,"date":"2025-03-24T17:01:39","date_gmt":"2025-03-24T16:01:39","guid":{"rendered":"https:\/\/portale-collaudo-app-swap-hud7fvd3dgesgzaa.westeurope-01.azurewebsites.net\/?page_id=5144"},"modified":"2025-05-13T16:06:54","modified_gmt":"2025-05-13T14:06:54","slug":"disclaimer","status":"publish","type":"page","link":"https:\/\/www.confindustria.it\/en\/disclaimer\/","title":{"rendered":"Disclaimer"},"content":{"rendered":"<p>[et_pb_section fb_built=&#8221;1&#8243; disabled_on=&#8221;off|off|off&#8221; admin_label=&#8221;section&#8221; _builder_version=&#8221;4.16&#8243; global_colors_info=&#8221;{}&#8221; theme_builder_area=&#8221;post_content&#8221;][et_pb_row _builder_version=&#8221;4.27.4&#8243; _module_preset=&#8221;default&#8221; width=&#8221;90%&#8221; max_width=&#8221;1600px&#8221; global_colors_info=&#8221;{}&#8221; theme_builder_area=&#8221;post_content&#8221;][et_pb_column type=&#8221;4_4&#8243; _builder_version=&#8221;4.27.4&#8243; _module_preset=&#8221;default&#8221; global_colors_info=&#8221;{}&#8221; theme_builder_area=&#8221;post_content&#8221;][et_pb_text _builder_version=&#8221;4.27.4&#8243; _module_preset=&#8221;default&#8221; text_text_color=&#8221;gcid-heading-color&#8221; hover_enabled=&#8221;0&#8243; global_colors_info=&#8221;{%22gcid-heading-color%22:%91%22text_text_color%22%93}&#8221; theme_builder_area=&#8221;post_content&#8221; sticky_enabled=&#8221;0&#8243;]<\/p>\n<h4>Disclaimer<\/h4>\n<p>&nbsp;<\/p>\n<p dir=\"ltr\">Texts, data and information published on the Confindustria website are checked with the utmost care.<\/p>\n<p dir=\"ltr\">No liability can be attributed to Confindustria for any damage caused to visitors as a result of errors and omissions.<\/p>\n<p dir=\"ltr\">Confindustria is not responsible for the contents of the sites mentioned within its pages and assumes no liability for any cessation or modification of the activities of the sites mentioned for information purposes only, for any dispute directly or indirectly related to the contents of the sites and for any damage that may result.<\/p>\n<p dir=\"ltr\">All material published within the Confindustria portal, unless otherwise specified, is to be understood as protected by copyright.<\/p>\n<p>[\/et_pb_text][\/et_pb_column][\/et_pb_row][\/et_pb_section]<\/p>","protected":false},"excerpt":{"rendered":"<p>Disclaimer Texts, data and information published on the Confindustria website are checked with the utmost care. No responsibility can be attributed to Confindustria for any damage that may be caused to visitors due to errors and omissions. Confindustria is not responsible for the contents of the sites mentioned within its pages and does not assume any [...].<\/p>","protected":false},"author":5,"featured_media":0,"parent":0,"menu_order":0,"comment_status":"closed","ping_status":"closed","template":"","meta":{"_acf_changed":false,"_et_pb_use_builder":"on","_et_pb_old_content":"","_et_gb_content_width":"","footnotes":""},"in-evidenza":[],"tag_globale":[],"tema_globale":[],"class_list":["post-5144","page","type-page","status-publish","hentry"],"blocks":[{"blockName":null,"attrs":[],"innerBlocks":[],"innerHTML":"[et_pb_section fb_built=\"1\" disabled_on=\"off|off|off\" admin_label=\"section\" _builder_version=\"4.16\" global_colors_info=\"{}\" theme_builder_area=\"post_content\"][et_pb_row _builder_version=\"4.27.4\" _module_preset=\"default\" width=\"90%\" max_width=\"1600px\" global_colors_info=\"{}\" theme_builder_area=\"post_content\"][et_pb_column type=\"4_4\" _builder_version=\"4.27.4\" _module_preset=\"default\" global_colors_info=\"{}\" theme_builder_area=\"post_content\"][et_pb_text _builder_version=\"4.27.4\" _module_preset=\"default\" text_text_color=\"gcid-heading-color\" hover_enabled=\"0\" global_colors_info=\"{%22gcid-heading-color%22:%91%22text_text_color%22%93}\" theme_builder_area=\"post_content\" sticky_enabled=\"0\"]<h4>Disclaimer<\/h4>\n<p>&nbsp;<\/p>\n<p dir=\"ltr\">Testi, dati ed informazioni, pubblicati sul sito Confindustria sono controllati con la massima attenzione.<\/p>\n<p dir=\"ltr\">Nessuna responsabilit\u00e0 pu\u00f2 essere imputata a Confindustria per i danni che dovessero derivare ai visitatori a causa di eventuali errori ed omissioni.<\/p>\n<p dir=\"ltr\">Confindustria non \u00e8 responsabile dei contenuti dei siti citati all'interno delle proprie pagine e non si assume nessuna responsabilit\u00e0 per l'eventuale cessazione o modifica delle attivit\u00e0 dei siti indicati solo a scopo informativo, per qualsiasi controversia direttamente o indirettamente collegata ai contenuti dei siti e per i danni che ne possano derivare.<\/p>\n<p dir=\"ltr\">Tutto il materiale pubblicato all'interno del portale Confindustria, se non diversamente specificato, \u00e8 da intendersi protetto da copyright.<\/p>[\/et_pb_text][\/et_pb_column][\/et_pb_row][\/et_pb_section]","innerContent":["[et_pb_section fb_built=\"1\" disabled_on=\"off|off|off\" admin_label=\"section\" _builder_version=\"4.16\" global_colors_info=\"{}\" theme_builder_area=\"post_content\"][et_pb_row _builder_version=\"4.27.4\" _module_preset=\"default\" width=\"90%\" max_width=\"1600px\" global_colors_info=\"{}\" theme_builder_area=\"post_content\"][et_pb_column type=\"4_4\" _builder_version=\"4.27.4\" _module_preset=\"default\" global_colors_info=\"{}\" theme_builder_area=\"post_content\"][et_pb_text _builder_version=\"4.27.4\" _module_preset=\"default\" text_text_color=\"gcid-heading-color\" hover_enabled=\"0\" global_colors_info=\"{%22gcid-heading-color%22:%91%22text_text_color%22%93}\" theme_builder_area=\"post_content\" sticky_enabled=\"0\"]<h4>Disclaimer<\/h4>\n<p>&nbsp;<\/p>\n<p dir=\"ltr\">Testi, dati ed informazioni, pubblicati sul sito Confindustria sono controllati con la massima attenzione.<\/p>\n<p dir=\"ltr\">Nessuna responsabilit\u00e0 pu\u00f2 essere imputata a Confindustria per i danni che dovessero derivare ai visitatori a causa di eventuali errori ed omissioni.<\/p>\n<p dir=\"ltr\">Confindustria non \u00e8 responsabile dei contenuti dei siti citati all'interno delle proprie pagine e non si assume nessuna responsabilit\u00e0 per l'eventuale cessazione o modifica delle attivit\u00e0 dei siti indicati solo a scopo informativo, per qualsiasi controversia direttamente o indirettamente collegata ai contenuti dei siti e per i danni che ne possano derivare.<\/p>\n<p dir=\"ltr\">Tutto il materiale pubblicato all'interno del portale Confindustria, se non diversamente specificato, \u00e8 da intendersi protetto da copyright.<\/p>[\/et_pb_text][\/et_pb_column][\/et_pb_row][\/et_pb_section]"]}],"acf":[],"_links":{"self":[{"href":"https:\/\/www.confindustria.it\/en\/wp-json\/wp\/v2\/pages\/5144","targetHints":{"allow":["GET"]}}],"collection":[{"href":"https:\/\/www.confindustria.it\/en\/wp-json\/wp\/v2\/pages"}],"about":[{"href":"https:\/\/www.confindustria.it\/en\/wp-json\/wp\/v2\/types\/page"}],"author":[{"embeddable":true,"href":"https:\/\/www.confindustria.it\/en\/wp-json\/wp\/v2\/users\/5"}],"replies":[{"embeddable":true,"href":"https:\/\/www.confindustria.it\/en\/wp-json\/wp\/v2\/comments?post=5144"}],"version-history":[{"count":0,"href":"https:\/\/www.confindustria.it\/en\/wp-json\/wp\/v2\/pages\/5144\/revisions"}],"wp:attachment":[{"href":"https:\/\/www.confindustria.it\/en\/wp-json\/wp\/v2\/media?parent=5144"}],"wp:term":[{"taxonomy":"in-evidenza","embeddable":true,"href":"https:\/\/www.confindustria.it\/en\/wp-json\/wp\/v2\/in-evidenza?post=5144"},{"taxonomy":"tag_globale","embeddable":true,"href":"https:\/\/www.confindustria.it\/en\/wp-json\/wp\/v2\/tag_globale?post=5144"},{"taxonomy":"tema_globale","embeddable":true,"href":"https:\/\/www.confindustria.it\/en\/wp-json\/wp\/v2\/tema_globale?post=5144"}],"curies":[{"name":"wp","href":"https:\/\/api.w.org\/{rel}","templated":true}]}}